{"id":119,"date":"2023-10-02T07:16:49","date_gmt":"2023-10-02T07:16:49","guid":{"rendered":"https:\/\/interiorsbym.dk\/es\/?page_id=119"},"modified":"2023-10-02T08:17:37","modified_gmt":"2023-10-02T08:17:37","slug":"contacto","status":"publish","type":"page","link":"https:\/\/interiorsbym.dk\/es\/contacto\/","title":{"rendered":"CONTACTO"},"content":{"rendered":"<p>[et_pb_section fb_built=&#8221;1&#8243; admin_label=&#8221;Packages&#8221; _builder_version=&#8221;4.20.0&#8243; _module_preset=&#8221;default&#8221; collapsed=&#8221;on&#8221; global_colors_info=&#8221;{}&#8221;][et_pb_row _builder_version=&#8221;4.20.0&#8243; _module_preset=&#8221;default&#8221; global_colors_info=&#8221;{}&#8221;][et_pb_column type=&#8221;4_4&#8243; _builder_version=&#8221;4.20.0&#8243; _module_preset=&#8221;default&#8221; global_colors_info=&#8221;{}&#8221;][et_pb_text _builder_version=&#8221;4.22.2&#8243; _module_preset=&#8221;914aa02e-9782-433d-9b5e-aa0bf343545e&#8221; text_orientation=&#8221;center&#8221; global_colors_info=&#8221;{}&#8221;]<\/p>\n<h2><span style=\"font-weight: 400;\">CONT\u00c1CTAME<\/span><\/h2>\n<p>[\/et_pb_text][et_pb_text _builder_version=&#8221;4.22.2&#8243; _module_preset=&#8221;default&#8221; header_5_text_align=&#8221;center&#8221; header_5_text_color=&#8221;#2d2d2d&#8221; text_orientation_tablet=&#8221;&#8221; text_orientation_phone=&#8221;justified&#8221; text_orientation_last_edited=&#8221;on|tablet&#8221; locked=&#8221;off&#8221; global_colors_info=&#8221;{}&#8221;]<\/p>\n<p><span style=\"font-weight: 400;\">Estar\u00e9 encantada de que te pongas en contacto conmigo o reserves una consulta gratuita de 30 minutos. Durante esta reuni\u00f3n, tendr\u00e1s la oportunidad de compartir m\u00e1s detalles sobre tu proyecto, y yo podr\u00e9 mostrarte c\u00f3mo puedo ayudar a a convertir tus ideas en realidad desde el concepto.<\/span><\/p>\n<p>[\/et_pb_text][\/et_pb_column][\/et_pb_row][et_pb_row _builder_version=&#8221;4.21.2&#8243; _module_preset=&#8221;default&#8221; background_color=&#8221;#e4e3de&#8221; global_colors_info=&#8221;{}&#8221;][et_pb_column type=&#8221;4_4&#8243; _builder_version=&#8221;4.21.2&#8243; _module_preset=&#8221;default&#8221; custom_padding=&#8221;|40px||40px|true|true&#8221; custom_padding_tablet=&#8221;|||40px|false|false&#8221; custom_padding_phone=&#8221;||||false|false&#8221; custom_padding_last_edited=&#8221;on|phone&#8221; global_colors_info=&#8221;{}&#8221;][et_pb_text _builder_version=&#8221;4.22.2&#8243; _module_preset=&#8221;8ee13b15-69b4-418c-93eb-ae5cdee5af30&#8243; header_4_text_align=&#8221;center&#8221; custom_margin=&#8221;30px||10px||false|false&#8221; header_4_text_align_tablet=&#8221;center&#8221; header_4_text_align_phone=&#8221;center&#8221; header_4_text_align_last_edited=&#8221;on|desktop&#8221; global_colors_info=&#8221;{}&#8221;]<\/p>\n<h4>Reserva tu consulta gratuita<\/h4>\n<p>[\/et_pb_text][ssa_divi_booking_module _builder_version=&#8221;4.22.2&#8243; _module_preset=&#8221;default&#8221; hover_enabled=&#8221;0&#8243; sticky_enabled=&#8221;0&#8243;][\/ssa_divi_booking_module][\/et_pb_column][\/et_pb_row][et_pb_row _builder_version=&#8221;4.22.1&#8243; _module_preset=&#8221;default&#8221; background_color=&#8221;#e4e3de&#8221; custom_padding=&#8221;100px||||false|false&#8221; global_colors_info=&#8221;{}&#8221;][et_pb_column type=&#8221;4_4&#8243; _builder_version=&#8221;4.20.0&#8243; _module_preset=&#8221;default&#8221; global_colors_info=&#8221;{}&#8221;][et_pb_text _builder_version=&#8221;4.22.2&#8243; _module_preset=&#8221;8ee13b15-69b4-418c-93eb-ae5cdee5af30&#8243; header_4_text_align=&#8221;center&#8221; custom_margin=&#8221;30px||10px||false|false&#8221; header_4_text_align_tablet=&#8221;center&#8221; header_4_text_align_phone=&#8221;center&#8221; header_4_text_align_last_edited=&#8221;on|desktop&#8221; locked=&#8221;off&#8221; global_colors_info=&#8221;{}&#8221;]<\/p>\n<h4>ESCR\u00cdBEME<\/h4>\n<p>[\/et_pb_text][et_pb_text _builder_version=&#8221;4.22.2&#8243; _module_preset=&#8221;default&#8221; header_5_text_align=&#8221;center&#8221; header_5_text_color=&#8221;#2d2d2d&#8221; text_orientation=&#8221;center&#8221; text_orientation_tablet=&#8221;center&#8221; text_orientation_phone=&#8221;center&#8221; text_orientation_last_edited=&#8221;on|desktop&#8221; global_colors_info=&#8221;{}&#8221;]<\/p>\n<p><span style=\"font-weight: 400;\">\u00bfTienes alguna pregunta que prefieres resolver a trav\u00e9s de correo electr\u00f3nico?<\/span><\/p>\n<p>[\/et_pb_text][et_pb_contact_form captcha=&#8221;off&#8221; email=&#8221;majbritt@interiorsbym.dk&#8221; success_message=&#8221;\u00a1Tu mensaje ha sido enviado! Nos pondremos en contacto contigo lo antes posible.&#8221; submit_button_text=&#8221;ENVIAR&#8221; _builder_version=&#8221;4.22.2&#8243; _module_preset=&#8221;231cef51-fc63-488c-822a-5f7b60f7fc46&#8243; background_color=&#8221;#e4e3de&#8221; button_text_color=&#8221;#FFFFFF&#8221; button_bg_color=&#8221;#2d2d2d&#8221; max_width=&#8221;700px&#8221; module_alignment=&#8221;center&#8221; custom_padding=&#8221;|10px||10px|false|true&#8221; locked=&#8221;off&#8221; global_colors_info=&#8221;{}&#8221;][et_pb_contact_field field_id=&#8221;Nombre&#8221; field_title=&#8221;Nombre&#8221; fullwidth_field=&#8221;on&#8221; _builder_version=&#8221;4.22.2&#8243; _module_preset=&#8221;default&#8221; form_field_text_color=&#8221;#2d2d2d&#8221; border_color_all=&#8221;#2d2d2d&#8221; global_colors_info=&#8221;{}&#8221; button_text_size__hover_enabled=&#8221;off&#8221; button_one_text_size__hover_enabled=&#8221;off&#8221; button_two_text_size__hover_enabled=&#8221;off&#8221; button_text_color__hover_enabled=&#8221;off&#8221; button_one_text_color__hover_enabled=&#8221;off&#8221; button_two_text_color__hover_enabled=&#8221;off&#8221; button_border_width__hover_enabled=&#8221;off&#8221; button_one_border_width__hover_enabled=&#8221;off&#8221; button_two_border_width__hover_enabled=&#8221;off&#8221; button_border_color__hover_enabled=&#8221;off&#8221; button_one_border_color__hover_enabled=&#8221;off&#8221; button_two_border_color__hover_enabled=&#8221;off&#8221; button_border_radius__hover_enabled=&#8221;off&#8221; button_one_border_radius__hover_enabled=&#8221;off&#8221; button_two_border_radius__hover_enabled=&#8221;off&#8221; button_letter_spacing__hover_enabled=&#8221;off&#8221; button_one_letter_spacing__hover_enabled=&#8221;off&#8221; button_two_letter_spacing__hover_enabled=&#8221;off&#8221; button_bg_color__hover_enabled=&#8221;off&#8221; button_one_bg_color__hover_enabled=&#8221;off&#8221; button_two_bg_color__hover_enabled=&#8221;off&#8221;][\/et_pb_contact_field][et_pb_contact_field field_id=&#8221;Email&#8221; field_title=&#8221;Email&#8221; field_type=&#8221;email&#8221; fullwidth_field=&#8221;on&#8221; _builder_version=&#8221;4.22.2&#8243; _module_preset=&#8221;default&#8221; form_field_text_color=&#8221;#2d2d2d&#8221; border_color_all=&#8221;#2d2d2d&#8221; global_colors_info=&#8221;{}&#8221; button_text_size__hover_enabled=&#8221;off&#8221; button_one_text_size__hover_enabled=&#8221;off&#8221; button_two_text_size__hover_enabled=&#8221;off&#8221; button_text_color__hover_enabled=&#8221;off&#8221; button_one_text_color__hover_enabled=&#8221;off&#8221; button_two_text_color__hover_enabled=&#8221;off&#8221; button_border_width__hover_enabled=&#8221;off&#8221; button_one_border_width__hover_enabled=&#8221;off&#8221; button_two_border_width__hover_enabled=&#8221;off&#8221; button_border_color__hover_enabled=&#8221;off&#8221; button_one_border_color__hover_enabled=&#8221;off&#8221; button_two_border_color__hover_enabled=&#8221;off&#8221; button_border_radius__hover_enabled=&#8221;off&#8221; button_one_border_radius__hover_enabled=&#8221;off&#8221; button_two_border_radius__hover_enabled=&#8221;off&#8221; button_letter_spacing__hover_enabled=&#8221;off&#8221; button_one_letter_spacing__hover_enabled=&#8221;off&#8221; button_two_letter_spacing__hover_enabled=&#8221;off&#8221; button_bg_color__hover_enabled=&#8221;off&#8221; button_one_bg_color__hover_enabled=&#8221;off&#8221; button_two_bg_color__hover_enabled=&#8221;off&#8221;][\/et_pb_contact_field][et_pb_contact_field field_id=&#8221;Mensaje&#8221; field_title=&#8221;Mensaje&#8221; field_type=&#8221;text&#8221; fullwidth_field=&#8221;on&#8221; _builder_version=&#8221;4.22.2&#8243; _module_preset=&#8221;default&#8221; form_field_text_color=&#8221;#2d2d2d&#8221; border_color_all=&#8221;#2d2d2d&#8221; global_colors_info=&#8221;{}&#8221; button_text_size__hover_enabled=&#8221;off&#8221; button_one_text_size__hover_enabled=&#8221;off&#8221; button_two_text_size__hover_enabled=&#8221;off&#8221; button_text_color__hover_enabled=&#8221;off&#8221; button_one_text_color__hover_enabled=&#8221;off&#8221; button_two_text_color__hover_enabled=&#8221;off&#8221; button_border_width__hover_enabled=&#8221;off&#8221; button_one_border_width__hover_enabled=&#8221;off&#8221; button_two_border_width__hover_enabled=&#8221;off&#8221; button_border_color__hover_enabled=&#8221;off&#8221; button_one_border_color__hover_enabled=&#8221;off&#8221; button_two_border_color__hover_enabled=&#8221;off&#8221; button_border_radius__hover_enabled=&#8221;off&#8221; button_one_border_radius__hover_enabled=&#8221;off&#8221; button_two_border_radius__hover_enabled=&#8221;off&#8221; button_letter_spacing__hover_enabled=&#8221;off&#8221; button_one_letter_spacing__hover_enabled=&#8221;off&#8221; button_two_letter_spacing__hover_enabled=&#8221;off&#8221; button_bg_color__hover_enabled=&#8221;off&#8221; button_one_bg_color__hover_enabled=&#8221;off&#8221; button_two_bg_color__hover_enabled=&#8221;off&#8221;][\/et_pb_contact_field][\/et_pb_contact_form][et_pb_social_media_follow _builder_version=&#8221;4.22.1&#8243; _module_preset=&#8221;default&#8221; text_orientation=&#8221;center&#8221; text_orientation_tablet=&#8221;center&#8221; text_orientation_phone=&#8221;center&#8221; text_orientation_last_edited=&#8221;on|desktop&#8221; border_radii=&#8221;on|100px|100px|100px|100px&#8221; border_width_all=&#8221;1px&#8221; border_color_all=&#8221;#FFFFFF&#8221; locked=&#8221;off&#8221; global_colors_info=&#8221;{}&#8221;][et_pb_social_media_follow_network social_network=&#8221;instagram&#8221; url=&#8221;https:\/\/www.instagram.com\/interiors_by_m\/&#8221; icon_color=&#8221;#2d2d2d&#8221; _builder_version=&#8221;4.22.1&#8243; _module_preset=&#8221;default&#8221; background_color=&#8221;#FFFFFF&#8221; background_enable_color=&#8221;on&#8221; global_colors_info=&#8221;{}&#8221; follow_button=&#8221;off&#8221; url_new_window=&#8221;on&#8221;]instagram[\/et_pb_social_media_follow_network][et_pb_social_media_follow_network social_network=&#8221;facebook&#8221; url=&#8221;https:\/\/www.facebook.com\/IntbyM\/&#8221; icon_color=&#8221;#2d2d2d&#8221; _builder_version=&#8221;4.22.1&#8243; _module_preset=&#8221;default&#8221; background_color=&#8221;#FFFFFF&#8221; background_enable_color=&#8221;on&#8221; global_colors_info=&#8221;{}&#8221; follow_button=&#8221;off&#8221; url_new_window=&#8221;on&#8221;]facebook[\/et_pb_social_media_follow_network][et_pb_social_media_follow_network social_network=&#8221;pinterest&#8221; url=&#8221;https:\/\/www.pinterest.dk\/majbritt0457\/&#8221; icon_color=&#8221;#2d2d2d&#8221; _builder_version=&#8221;4.22.1&#8243; _module_preset=&#8221;default&#8221; background_color=&#8221;#FFFFFF&#8221; background_enable_color=&#8221;on&#8221; global_colors_info=&#8221;{}&#8221; follow_button=&#8221;off&#8221; url_new_window=&#8221;on&#8221;]pinterest[\/et_pb_social_media_follow_network][et_pb_social_media_follow_network social_network=&#8221;linkedin&#8221; url=&#8221;https:\/\/www.linkedin.com\/company\/interiors-by-m\/&#8221; icon_color=&#8221;#2d2d2d&#8221; _builder_version=&#8221;4.22.1&#8243; _module_preset=&#8221;default&#8221; background_color=&#8221;#FFFFFF&#8221; background_enable_color=&#8221;on&#8221; global_colors_info=&#8221;{}&#8221; follow_button=&#8221;off&#8221; url_new_window=&#8221;on&#8221;]linkedin[\/et_pb_social_media_follow_network][\/et_pb_social_media_follow][\/et_pb_column][\/et_pb_row][\/et_pb_section]<\/p>\n","protected":false},"excerpt":{"rendered":"<p>CONT\u00c1CTAMEEstar\u00e9 encantada de que te pongas en contacto conmigo o reserves una consulta gratuita de 30 minutos. Durante esta reuni\u00f3n, tendr\u00e1s la oportunidad de compartir m\u00e1s detalles sobre tu proyecto, y yo podr\u00e9 mostrarte c\u00f3mo puedo ayudar a a convertir tus ideas en realidad desde el concepto.Reserva tu consulta gratuita<div class=\"et_pb_module ssa_divi_booking_module ssa_divi_booking_module_0\">\n\t\t\t\t\n\t\t\t\t\n\t\t\t\t\n\t\t\t\t\n\t\t\t\t\n\t\t\t\t\n\t\t\t\t<div class=\"et_pb_module_inner\">\n\t\t\t\t\t\t\t<div class=\"divi-module-ssa-booking-wrapper\">\n\t\t\t<div class=\"ssa-booking\">\n\t\t\t\t<iframe src=\"https:\/\/interiorsbym.dk\/es\/wp-json\/ssa\/v1\/embed-inner?integration&type&label&types&edit&view&payment_provider&ssa_locale=en_US&ssa_is_rtl&sid=c525b8ab6718cc56724ae9f9edb2c2eb2f386038&availability_start_date&availability_end_date&suggest_first_available&suggest_first_available_within_minutes&flow&fallback_flow&time_view&date_view&appointment_types_view&version&accent_color&background&padding&font&booking_url&booking_post_id&booking_title&_wpnonce=bbf728a705&redirect_post_id&mepr_membership_id#\/\" height=\"400px\" width=\"100%\" name=\"ssa_booking\" loading=\"eager\" frameborder=\"0\" data-skip-lazy=\"1\" class=\"ssa_booking_iframe skip-lazy\" title=\"Book a time\"><\/iframe>\t\t\t<\/div>\n\t\t<\/div>\n\t\t\n\t\t\t\t<\/div>\n\t\t\t<\/div>ESCR\u00cdBEME\u00bfTienes alguna [&hellip;]<\/p>\n","protected":false},"author":1,"featured_media":0,"parent":0,"menu_order":0,"comment_status":"closed","ping_status":"closed","template":"","meta":{"_et_pb_use_builder":"on","_et_pb_old_content":"","_et_gb_content_width":"","footnotes":""},"_links":{"self":[{"href":"https:\/\/interiorsbym.dk\/es\/wp-json\/wp\/v2\/pages\/119"}],"collection":[{"href":"https:\/\/interiorsbym.dk\/es\/wp-json\/wp\/v2\/pages"}],"about":[{"href":"https:\/\/interiorsbym.dk\/es\/wp-json\/wp\/v2\/types\/page"}],"author":[{"embeddable":true,"href":"https:\/\/interiorsbym.dk\/es\/wp-json\/wp\/v2\/users\/1"}],"replies":[{"embeddable":true,"href":"https:\/\/interiorsbym.dk\/es\/wp-json\/wp\/v2\/comments?post=119"}],"version-history":[{"count":3,"href":"https:\/\/interiorsbym.dk\/es\/wp-json\/wp\/v2\/pages\/119\/revisions"}],"predecessor-version":[{"id":127,"href":"https:\/\/interiorsbym.dk\/es\/wp-json\/wp\/v2\/pages\/119\/revisions\/127"}],"wp:attachment":[{"href":"https:\/\/interiorsbym.dk\/es\/wp-json\/wp\/v2\/media?parent=119"}],"curies":[{"name":"wp","href":"https:\/\/api.w.org\/{rel}","templated":true}]}}